{"id":614,"date":"2018-11-04T01:29:03","date_gmt":"2018-11-04T00:29:03","guid":{"rendered":"https:\/\/mypolishancestors.com\/?page_id=614"},"modified":"2019-08-15T20:50:28","modified_gmt":"2019-08-15T18:50:28","slug":"o-nas","status":"publish","type":"page","link":"https:\/\/mypolishancestors.com\/pl\/o-nas\/","title":{"rendered":"O nas"},"content":{"rendered":"<p><a href=\"https:\/\/mypolishancestors.com\/wp-content\/uploads\/2019\/08\/profile_picture.jpg\"><img loading=\"lazy\" decoding=\"async\" class=\"aligncenter size-full wp-image-892\" src=\"https:\/\/mypolishancestors.com\/wp-content\/uploads\/2019\/08\/profile_picture.jpg\" alt=\"my_polish_ancestors\" width=\"1250\" height=\"500\" srcset=\"https:\/\/mypolishancestors.com\/wp-content\/uploads\/2019\/08\/profile_picture.jpg 1250w, https:\/\/mypolishancestors.com\/wp-content\/uploads\/2019\/08\/profile_picture-300x120.jpg 300w, https:\/\/mypolishancestors.com\/wp-content\/uploads\/2019\/08\/profile_picture-768x307.jpg 768w, https:\/\/mypolishancestors.com\/wp-content\/uploads\/2019\/08\/profile_picture-1024x410.jpg 1024w\" sizes=\"(max-width: 1250px) 100vw, 1250px\" \/><\/a><\/p>\n<p>Nazywam si\u0119 Dominik Pactwa. Genealogi\u0105 zajmuj\u0119 si\u0119 prawie od 20 lat. Pocz\u0105tkowo poszukiwa\u0142em korzeni w\u0142asnej rodziny, a z czasem rozpocz\u0105\u0142em prowadzi\u0107 badania na pro\u015bb\u0119 innych os\u00f3b. Wielokrotnie zetkn\u0105\u0142em si\u0119 z historiami dotycz\u0105cymi wyjazd\u00f3w i emigracji \u2013 m.in. do USA, Kanady, Brazylii, Argentyny czy Australii. W efekcie moich poszukiwa\u0144 wiele rodzin nawi\u0105za\u0142o ze sob\u0105 kontakt po latach roz\u0142\u0105ki.<\/p>\n<p>Dzi\u0119ki tym do\u015bwiadczeniom zagadnienia zwi\u0105zane z emigracj\u0105 sta\u0142y mi si\u0119 szczeg\u00f3lnie bliskie. Ponadto sam sp\u0119dzi\u0142em 4 lata za granic\u0105. Mieszka\u0142em w Wielkiej Brytanii, gdzie uko\u0144czy\u0142em studia podyplomowe na wydziale edukacji na Manchester Metropolitan University.<\/p>\n<p>W 2015 rozpocz\u0105\u0142em wsp\u00f3\u0142prac\u0119 z <a href=\"http:\/\/www.polska1.pl\" target=\"_blank\" rel=\"noopener noreferrer\">Muzeum Emigracji w Gdyni.<\/a> Regularnie prowadz\u0119 konsultacje oraz autorskie warsztaty genealogiczne zatytu\u0142owane \u201e\u0141\u0105czymy historie\u201d. Anga\u017cuj\u0119 si\u0119 r\u00f3wnie\u017c w realizacj\u0119 pojedynczych wydarze\u0144 kulturalnych, takich jak obchodzony co roku <em>Dzie\u0144 Polonii i Polak\u00f3w za Granic\u0105<\/em> czy uroczysto\u015b\u0107 otwarcia Muzeum. W ramach tych event\u00f3w tak\u017ce prowadzi\u0142em warsztaty genealogiczne i wyk\u0142ady.<\/p>\n<p>Jestem cz\u0142onkiem <a href=\"http:\/\/www.ptg.gda.pl\" target=\"_blank\" rel=\"noopener noreferrer\">Pomorskiego Towarzystwa Genealogicznego<\/a>. W 2018 reprezentowa\u0142em Towarzystwo podczas Og\u00f3lnopolskiej Konferencji Genealogicznej w Brzegu. Tematyka mojego wyst\u0105pienia dotyczy\u0142a emigracji i wykorzystania informacji z list pasa\u017cer\u00f3w w poszukiwaniach genealogicznych.<\/p>\n<p>Wsp\u00f3\u0142pracuj\u0119 z genealogami z r\u00f3\u017cnych cz\u0119\u015bci Polski, kt\u00f3rzy poszukuj\u0105 dla Pa\u0144stwa informacji i dokument\u00f3w w okolicy swojego miejsca zamieszkania wielu regionach kraju. Sam tak\u017ce sporo podr\u00f3\u017cuj\u0119. Poza archiwami i biurami parafialnymi odwiedzamy miejsca, sk\u0105d pochodzili Pa\u0144stwa przodkowie. Rozmawiamy z ich mieszka\u0144cami i s\u0142uchamy pasjonuj\u0105cych historii. Nasz zesp\u00f3\u0142 wspieraj\u0105 tak\u017ce artysta &#8211; plastyk oraz osoby zawodowo zajmuj\u0105ce si\u0119 t\u0142umaczeniami.<\/p>\n<p>Z us\u0142ug My Polish Ancestors w g\u0142\u00f3wnej mierze korzystaj\u0105 osoby mieszkaj\u0105ce za granic\u0105, kt\u00f3rych przodkowie przed laty wyemigrowali z Polski. Pomagamy w odszukiwaniu informacji o polskich korzeniach oraz w odnajdywaniu krewnych obecnie mieszkaj\u0105cych w Polsce i w nawi\u0105zaniu z nimi kontaktu.<\/p>\n<p>Drug\u0105 grup\u0119 klient\u00f3w stanowi\u0105 osoby mieszkaj\u0105ce w Polsce, kt\u00f3rych krewni i przodkowie czasowo przebywali za granic\u0105, b\u0105d\u017a osiedli tam na sta\u0142e. Oferujemy pomoc w odkrywaniu tych historii.<\/p>\n<p>Serdecznie zapraszam do <a href=\"https:\/\/mypolishancestors.com\/pl\/kontakt\/\" target=\"_blank\" rel=\"noopener noreferrer\">kontaktu<\/a>!<\/p>\n","protected":false},"excerpt":{"rendered":"<p>Nazywam si\u0119 Dominik Pactwa. Genealogi\u0105 zajmuj\u0119 si\u0119 prawie od 20 lat. Pocz\u0105tkowo poszukiwa\u0142em korzeni w\u0142asnej rodziny, a z czasem rozpocz\u0105\u0142em prowadzi\u0107 badania na pro\u015bb\u0119 innych os\u00f3b. Wielokrotnie zetkn\u0105\u0142em si\u0119 z historiami dotycz\u0105cymi wyjazd\u00f3w i emigracji \u2013 m.in. do USA, Kanady, Brazylii, Argentyny czy Australii. W efekcie moich poszukiwa\u0144 wiele rodzin nawi\u0105za\u0142o ze sob\u0105 kontakt po [&hellip;]<\/p>\n","protected":false},"author":1,"featured_media":0,"parent":0,"menu_order":0,"comment_status":"closed","ping_status":"closed","template":"","meta":{"ngg_post_thumbnail":0,"footnotes":""},"yoast_head":"<!-- This site is optimized with the Yoast SEO plugin v21.7 - https:\/\/yoast.com\/wordpress\/plugins\/seo\/ -->\n<title>O nas - My Polish Ancestors<\/title>\n<meta name=\"description\" content=\"o nas | specjalizujemy si\u0119 w poszukiwaniach korzeni os\u00f3b, kt\u00f3rych przodkowie przed laty wyemigrowali z Polski. Zapraszamy do skorzystania z us\u0142ug do\u015bwiadczonych genealog\u00f3w!\" \/>\n<meta name=\"robots\" content=\"index, follow, max-snippet:-1, max-image-preview:large, max-video-preview:-1\" \/>\n<link rel=\"canonical\" href=\"https:\/\/mypolishancestors.com\/pl\/o-nas\/\" \/>\n<meta property=\"og:locale\" content=\"pl_PL\" \/>\n<meta property=\"og:type\" content=\"article\" \/>\n<meta property=\"og:title\" content=\"O nas - My Polish Ancestors\" \/>\n<meta property=\"og:description\" content=\"o nas | specjalizujemy si\u0119 w poszukiwaniach korzeni os\u00f3b, kt\u00f3rych przodkowie przed laty wyemigrowali z Polski. Zapraszamy do skorzystania z us\u0142ug do\u015bwiadczonych genealog\u00f3w!\" \/>\n<meta property=\"og:url\" content=\"https:\/\/mypolishancestors.com\/pl\/o-nas\/\" \/>\n<meta property=\"og:site_name\" content=\"My Polish Ancestors\" \/>\n<meta property=\"article:modified_time\" content=\"2019-08-15T18:50:28+00:00\" \/>\n<meta property=\"og:image\" content=\"https:\/\/mypolishancestors.com\/wp-content\/uploads\/2019\/08\/profile_picture.jpg\" \/>\n<meta name=\"twitter:card\" content=\"summary_large_image\" \/>\n<meta name=\"twitter:label1\" content=\"Szacowany czas czytania\" \/>\n\t<meta name=\"twitter:data1\" content=\"2 minuty\" \/>\n<script type=\"application\/ld+json\" class=\"yoast-schema-graph\">{\"@context\":\"https:\/\/schema.org\",\"@graph\":[{\"@type\":\"WebPage\",\"@id\":\"https:\/\/mypolishancestors.com\/pl\/o-nas\/\",\"url\":\"https:\/\/mypolishancestors.com\/pl\/o-nas\/\",\"name\":\"O nas - My Polish Ancestors\",\"isPartOf\":{\"@id\":\"https:\/\/mypolishancestors.com\/pl\/#website\"},\"datePublished\":\"2018-11-04T00:29:03+00:00\",\"dateModified\":\"2019-08-15T18:50:28+00:00\",\"description\":\"o nas | specjalizujemy si\u0119 w poszukiwaniach korzeni os\u00f3b, kt\u00f3rych przodkowie przed laty wyemigrowali z Polski. Zapraszamy do skorzystania z us\u0142ug do\u015bwiadczonych genealog\u00f3w!\",\"breadcrumb\":{\"@id\":\"https:\/\/mypolishancestors.com\/pl\/o-nas\/#breadcrumb\"},\"inLanguage\":\"pl-PL\",\"potentialAction\":[{\"@type\":\"ReadAction\",\"target\":[\"https:\/\/mypolishancestors.com\/pl\/o-nas\/\"]}]},{\"@type\":\"BreadcrumbList\",\"@id\":\"https:\/\/mypolishancestors.com\/pl\/o-nas\/#breadcrumb\",\"itemListElement\":[{\"@type\":\"ListItem\",\"position\":1,\"name\":\"Home\",\"item\":\"https:\/\/mypolishancestors.com\/pl\/\"},{\"@type\":\"ListItem\",\"position\":2,\"name\":\"O nas\"}]},{\"@type\":\"WebSite\",\"@id\":\"https:\/\/mypolishancestors.com\/pl\/#website\",\"url\":\"https:\/\/mypolishancestors.com\/pl\/\",\"name\":\"My Polish Ancestors\",\"description\":\"Family research in Poland\",\"potentialAction\":[{\"@type\":\"SearchAction\",\"target\":{\"@type\":\"EntryPoint\",\"urlTemplate\":\"https:\/\/mypolishancestors.com\/pl\/?s={search_term_string}\"},\"query-input\":\"required name=search_term_string\"}],\"inLanguage\":\"pl-PL\"}]}<\/script>\n<!-- \/ Yoast SEO plugin. -->","yoast_head_json":{"title":"O nas - My Polish Ancestors","description":"o nas | specjalizujemy si\u0119 w poszukiwaniach korzeni os\u00f3b, kt\u00f3rych przodkowie przed laty wyemigrowali z Polski. Zapraszamy do skorzystania z us\u0142ug do\u015bwiadczonych genealog\u00f3w!","robots":{"index":"index","follow":"follow","max-snippet":"max-snippet:-1","max-image-preview":"max-image-preview:large","max-video-preview":"max-video-preview:-1"},"canonical":"https:\/\/mypolishancestors.com\/pl\/o-nas\/","og_locale":"pl_PL","og_type":"article","og_title":"O nas - My Polish Ancestors","og_description":"o nas | specjalizujemy si\u0119 w poszukiwaniach korzeni os\u00f3b, kt\u00f3rych przodkowie przed laty wyemigrowali z Polski. Zapraszamy do skorzystania z us\u0142ug do\u015bwiadczonych genealog\u00f3w!","og_url":"https:\/\/mypolishancestors.com\/pl\/o-nas\/","og_site_name":"My Polish Ancestors","article_modified_time":"2019-08-15T18:50:28+00:00","og_image":[{"url":"https:\/\/mypolishancestors.com\/wp-content\/uploads\/2019\/08\/profile_picture.jpg"}],"twitter_card":"summary_large_image","twitter_misc":{"Szacowany czas czytania":"2 minuty"},"schema":{"@context":"https:\/\/schema.org","@graph":[{"@type":"WebPage","@id":"https:\/\/mypolishancestors.com\/pl\/o-nas\/","url":"https:\/\/mypolishancestors.com\/pl\/o-nas\/","name":"O nas - My Polish Ancestors","isPartOf":{"@id":"https:\/\/mypolishancestors.com\/pl\/#website"},"datePublished":"2018-11-04T00:29:03+00:00","dateModified":"2019-08-15T18:50:28+00:00","description":"o nas | specjalizujemy si\u0119 w poszukiwaniach korzeni os\u00f3b, kt\u00f3rych przodkowie przed laty wyemigrowali z Polski. Zapraszamy do skorzystania z us\u0142ug do\u015bwiadczonych genealog\u00f3w!","breadcrumb":{"@id":"https:\/\/mypolishancestors.com\/pl\/o-nas\/#breadcrumb"},"inLanguage":"pl-PL","potentialAction":[{"@type":"ReadAction","target":["https:\/\/mypolishancestors.com\/pl\/o-nas\/"]}]},{"@type":"BreadcrumbList","@id":"https:\/\/mypolishancestors.com\/pl\/o-nas\/#breadcrumb","itemListElement":[{"@type":"ListItem","position":1,"name":"Home","item":"https:\/\/mypolishancestors.com\/pl\/"},{"@type":"ListItem","position":2,"name":"O nas"}]},{"@type":"WebSite","@id":"https:\/\/mypolishancestors.com\/pl\/#website","url":"https:\/\/mypolishancestors.com\/pl\/","name":"My Polish Ancestors","description":"Family research in Poland","potentialAction":[{"@type":"SearchAction","target":{"@type":"EntryPoint","urlTemplate":"https:\/\/mypolishancestors.com\/pl\/?s={search_term_string}"},"query-input":"required name=search_term_string"}],"inLanguage":"pl-PL"}]}},"_links":{"self":[{"href":"https:\/\/mypolishancestors.com\/pl\/wp-json\/wp\/v2\/pages\/614"}],"collection":[{"href":"https:\/\/mypolishancestors.com\/pl\/wp-json\/wp\/v2\/pages"}],"about":[{"href":"https:\/\/mypolishancestors.com\/pl\/wp-json\/wp\/v2\/types\/page"}],"author":[{"embeddable":true,"href":"https:\/\/mypolishancestors.com\/pl\/wp-json\/wp\/v2\/users\/1"}],"replies":[{"embeddable":true,"href":"https:\/\/mypolishancestors.com\/pl\/wp-json\/wp\/v2\/comments?post=614"}],"version-history":[{"count":9,"href":"https:\/\/mypolishancestors.com\/pl\/wp-json\/wp\/v2\/pages\/614\/revisions"}],"predecessor-version":[{"id":894,"href":"https:\/\/mypolishancestors.com\/pl\/wp-json\/wp\/v2\/pages\/614\/revisions\/894"}],"wp:attachment":[{"href":"https:\/\/mypolishancestors.com\/pl\/wp-json\/wp\/v2\/media?parent=614"}],"curies":[{"name":"wp","href":"https:\/\/api.w.org\/{rel}","templated":true}]}}