{"id":617,"date":"2018-11-04T01:32:16","date_gmt":"2018-11-04T00:32:16","guid":{"rendered":"https:\/\/mypolishancestors.com\/?page_id=617"},"modified":"2019-06-05T10:37:58","modified_gmt":"2019-06-05T08:37:58","slug":"poszukiwania-genealogiczne","status":"publish","type":"page","link":"https:\/\/mypolishancestors.com\/pl\/poszukiwania-genealogiczne\/","title":{"rendered":"Poszukiwania genealogiczne"},"content":{"rendered":"<p style=\"text-align: center;\"><strong><a href=\"https:\/\/mypolishancestors.com\/wp-content\/uploads\/2018\/07\/page-header-family-research.jpg\"><img loading=\"lazy\" decoding=\"async\" class=\"aligncenter size-full wp-image-103\" src=\"https:\/\/mypolishancestors.com\/wp-content\/uploads\/2018\/07\/page-header-family-research.jpg\" alt=\"\" width=\"1250\" height=\"500\" srcset=\"https:\/\/mypolishancestors.com\/wp-content\/uploads\/2018\/07\/page-header-family-research.jpg 1250w, https:\/\/mypolishancestors.com\/wp-content\/uploads\/2018\/07\/page-header-family-research-300x120.jpg 300w, https:\/\/mypolishancestors.com\/wp-content\/uploads\/2018\/07\/page-header-family-research-768x307.jpg 768w, https:\/\/mypolishancestors.com\/wp-content\/uploads\/2018\/07\/page-header-family-research-1024x410.jpg 1024w\" sizes=\"(max-width: 1250px) 100vw, 1250px\" \/><\/a><\/strong><\/p>\n<p><strong>B\u0119dzie nam niezmiernie mi\u0142o towarzyszy\u0107 Pa\u0144stwu w poszukiwaniu polskich korzeni!<\/strong><\/p>\n<h2>Jak wygl\u0105da proces poszukiwa\u0144?<\/h2>\n<h3><strong>1. S<\/strong><strong>kontaktujemy si\u0119 z Pa\u0144stwem w <\/strong><strong>odpowiedzi na przes\u0142ane zg\u0142oszenie<\/strong><\/h3>\n<p>Poni\u017cej znajduje si\u0119 kilka zagadnie\u0144, kt\u00f3re mog\u0105 by\u0107 pomocne w opowiedzeniu historii Pa\u0144stwa przodk\u00f3w i przygotowaniu wst\u0119pnych informacji:<a href=\"https:\/\/mypolishancestors.com\/wp-content\/uploads\/2018\/07\/family-research-02-1.jpg\"><img loading=\"lazy\" decoding=\"async\" class=\"pic_right alignright wp-image-130\" src=\"https:\/\/mypolishancestors.com\/wp-content\/uploads\/2018\/07\/family-research-02-1.jpg\" alt=\"\" width=\"329\" height=\"439\" srcset=\"https:\/\/mypolishancestors.com\/wp-content\/uploads\/2018\/07\/family-research-02-1.jpg 600w, https:\/\/mypolishancestors.com\/wp-content\/uploads\/2018\/07\/family-research-02-1-225x300.jpg 225w\" sizes=\"(max-width: 329px) 100vw, 329px\" \/><\/a><\/p>\n<ul>\n<li>imi\u0119 i nazwisko poszukiwanej osoby<\/li>\n<li>data i miejsce urodzenia<\/li>\n<li>imiona i nazwiska rodzic\u00f3w<\/li>\n<li>wyznanie<\/li>\n<li>rok emigracji<\/li>\n<li>miejsce zamieszkania po emigracji<\/li>\n<li>imiona cz\u0142onk\u00f3w najbli\u017cszej rodziny oraz data i miejsce ich urodzenia<\/li>\n<li>data i miejsce zawarcia ma\u0142\u017ce\u0144stwa<\/li>\n<li>imiona i nazwiska innych krewnych, kt\u00f3rzy emigrowali w tym samym czasie<\/li>\n<\/ul>\n<p>&#8211; oraz inne szczeg\u00f3\u0142y, kt\u00f3re uznacie Pa\u0144stwo za istotne. W poszukiwaniu dodatkowych wskaz\u00f3wek warto przejrze\u0107 stare dokumenty, opisy na odwrocie fotografii, listy oraz inne pami\u0105tki, kt\u00f3re mog\u0105 zawiera\u0107 przydatne informacje.<\/p>\n<p>Mo\u017ce si\u0119 zdarzy\u0107, \u017ce b\u0119dziemy chcieli doprecyzowa\u0107 pewne szczeg\u00f3\u0142y &#8211; dopytamy o nie w odpowiedzi na Pa\u0144stwa zg\u0142oszenie.<\/p>\n<p>S\u0142u\u017cymy tak\u017ce pomoc\u0105 w ustaleniu zakresu poszukiwa\u0144. Najcz\u0119\u015bciej \u017cyczeniem klienta jest odnalezienie informacji o jak najwi\u0119kszej liczbie przodk\u00f3w. Czasami umawiamy si\u0119 na poszukiwania w obr\u0119bie ustalonej liczby pokole\u0144. Zdarza si\u0119 r\u00f3wnie\u017c, \u017ce g\u0142\u00f3wnym celem zlecenia jest <a href=\"https:\/\/mypolishancestors.com\/pl\/zyjacy-krewni\/\" target=\"_blank\" rel=\"noopener noreferrer\">odnalezienie krewnych obecnie mieszkaj\u0105cych w Polsce.<\/a><\/p>\n<h3><strong>2. Bezp\u0142atnie ustalimy mo\u017cliwo\u015b\u0107 realizacji zlecenia<\/strong><\/h3>\n<p>W oparciu o przes\u0142ane informacje w ci\u0105gu tygodnia sprawdzimy dost\u0119pno\u015b\u0107 \u017ar\u00f3de\u0142 potrzebnych do realizacji Pa\u0144stwa zlecenia. Z uwagi na wydarzenia historyczne oraz wypadki losowe cz\u0119\u015b\u0107 \u017ar\u00f3de\u0142 uleg\u0142a zniszczeniu b\u0105d\u017a zagin\u0119\u0142a. Mo\u017ce si\u0119 zatem zdarzy\u0107, \u017ce poszukiwania b\u0119d\u0105 utrudnione, a nawet niemo\u017cliwe ze wzgl\u0119du na brak dokument\u00f3w lub ich niekompletno\u015b\u0107. Przed podj\u0119ciem si\u0119 pracy powiadomimy Pa\u0144stwa o stanie zachowania i dost\u0119pno\u015bci zasob\u00f3w kluczowych w badaniu historii Pa\u0144stwa rodziny.<\/p>\n<h3><strong>3.&nbsp; W przypadku podj\u0119cia si\u0119 realizacji \u2013 przedstawimy ofert\u0119 wraz z kosztorysem i harmonogramem bada\u0144<\/strong><\/h3>\n<p>Koszt realizacji ka\u017cdego badania wyceniamy indywidualnie. Na czas realizacji zlecenia wp\u0142yw maj\u0105 mi\u0119dzy innymi&nbsp; takie czynniki jak: zakres poszukiwa\u0144, dost\u0119pno\u015b\u0107 \u017ar\u00f3de\u0142 czy okres oczekiwania na zam\u00f3wione odpisy dokument\u00f3w.<\/p>\n<h3><strong>4. Poprowadzimy badania w oparciu o dost\u0119pne \u017ar\u00f3d\u0142a<\/strong><\/h3>\n<p>Poszukiwania genealogiczne prowadzimy w <a href=\"https:\/\/mypolishancestors.com\/wp-content\/uploads\/2018\/07\/family-research-01-1.jpg\"><img loading=\"lazy\" decoding=\"async\" class=\"pic_right alignright wp-image-129\" src=\"https:\/\/mypolishancestors.com\/wp-content\/uploads\/2018\/07\/family-research-01-1.jpg\" alt=\"\" width=\"318\" height=\"239\" srcset=\"https:\/\/mypolishancestors.com\/wp-content\/uploads\/2018\/07\/family-research-01-1.jpg 800w, https:\/\/mypolishancestors.com\/wp-content\/uploads\/2018\/07\/family-research-01-1-300x225.jpg 300w, https:\/\/mypolishancestors.com\/wp-content\/uploads\/2018\/07\/family-research-01-1-768x576.jpg 768w\" sizes=\"(max-width: 318px) 100vw, 318px\" \/><\/a>g\u0142\u00f3wnej mierze w oparciu o dokumenty przechowane w archiwach pa\u0144stwowych, ko\u015bcielnych, urz\u0119dach stanu cywilnego oraz w biurach parafialnych. Najwa\u017cniejsze z nich to&nbsp;<strong>akta metrykalne, <\/strong>czyli dokumenty potwierdzaj\u0105ce m.in. dat\u0119 i miejsce &nbsp;takich wydarze\u0144 jak:&nbsp;narodziny, zawarcie ma\u0142\u017ce\u0144stwa oraz zgon. Pozosta\u0142e informacje zawarte w metrykach, takie jak imiona rodzic\u00f3w czy ma\u0142\u017conka, stanowi\u0105 punkt wyj\u015bcia do dalszych poszukiwa\u0144.<\/p>\n<p><a href=\"https:\/\/mypolishancestors.com\/wp-content\/uploads\/2018\/07\/family-research-04-1.jpg\"><img loading=\"lazy\" decoding=\"async\" class=\"pic_left alignleft wp-image-132\" src=\"https:\/\/mypolishancestors.com\/wp-content\/uploads\/2018\/07\/family-research-04-1-300x277.jpg\" alt=\"\" width=\"354\" height=\"326\" srcset=\"https:\/\/mypolishancestors.com\/wp-content\/uploads\/2018\/07\/family-research-04-1-300x277.jpg 300w, https:\/\/mypolishancestors.com\/wp-content\/uploads\/2018\/07\/family-research-04-1.jpg 650w\" sizes=\"(max-width: 354px) 100vw, 354px\" \/><\/a>Korzystamy r\u00f3wnie\u017c z archiwalnych \u017ar\u00f3de\u0142 pozametrykalnych oraz z informacji zawartych w publikacjach ksi\u0105\u017ckowych i dawnej prasie, odwiedzamy cmentarze i miejsca pami\u0119ci historycznej, lokalne muzea i biblioteki. Je\u017celi jest to mo\u017cliwe, informacje pozyskujemy r\u00f3wnie\u017c od mieszka\u0144c\u00f3w miejscowo\u015bci, z kt\u00f3rych wywodz\u0105 si\u0119 Pa\u0144stwa przodkowie.<\/p>\n<p>W trakcie tych wizyt na Pa\u0144stwa \u017cyczenie mo\u017cemy wykona\u0107 <strong>dokumentacj\u0119 zdj\u0119ciow\u0105.<\/strong>&nbsp;<\/p>\n<h3>&nbsp;<\/h3>\n<h3><strong>5. Przeka\u017cemy wyniki bada\u0144 we wcze\u015bniej uzgodnionym zakresie<\/strong><\/h3>\n<p>Otrzymacie Pa\u0144stwo odpisy lub kopie wszystkich dokument\u00f3w odnalezionych w trakcie poszukiwa\u0144. Na \u017cyczenie <a href=\"https:\/\/mypolishancestors.com\/pl\/tlumaczenie-dokumentow\/\" target=\"_blank\" rel=\"noopener noreferrer\">t\u0142umaczymy tak\u017ce wskazane dokumenty<\/a> na j\u0119zyk polski lub inny. Zebrane informacje mo\u017cemy zaprezentowa\u0107 w formie<a href=\"https:\/\/mypolishancestors.com\/pl\/drzewa-genealogiczne\/\" target=\"_blank\" rel=\"noopener noreferrer\"> drzewa genealogicznego<\/a> lub w innej, wcze\u015bniej ustalonej formie.<\/p>\n<p>&nbsp;<\/p>\n<h3><strong>Kontynuacja bada\u0144. <\/strong><\/h3>\n<p>Je\u017celi podczas poszukiwa\u0144 napotkali\u015bcie Pa\u0144stwo trudno\u015bci lub z jakich\u015b wzgl\u0119d\u00f3w jeste\u015bcie zmuszeni wstrzyma\u0107 prowadzone przez siebie badania &#8211; ch\u0119tnie podejmiemy si\u0119 ich kontynuowania.<\/p>\n<p>&nbsp;<\/p>\n<p><strong>Zach\u0119camy do skorzystania z <\/strong><a href=\"https:\/\/mypolishancestors.com\/pl\/kontakt\/\" target=\"_blank\" rel=\"noopener noreferrer\"><strong>formularza kontaktowego<\/strong><\/a><strong>. <\/strong><\/p>\n<p>&nbsp;<\/p>\n","protected":false},"excerpt":{"rendered":"<p>B\u0119dzie nam niezmiernie mi\u0142o towarzyszy\u0107 Pa\u0144stwu w poszukiwaniu polskich korzeni! Jak wygl\u0105da proces poszukiwa\u0144? 1. Skontaktujemy si\u0119 z Pa\u0144stwem w odpowiedzi na przes\u0142ane zg\u0142oszenie Poni\u017cej znajduje si\u0119 kilka zagadnie\u0144, kt\u00f3re mog\u0105 by\u0107 pomocne w opowiedzeniu historii Pa\u0144stwa przodk\u00f3w i przygotowaniu wst\u0119pnych informacji: imi\u0119 i nazwisko poszukiwanej osoby data i miejsce urodzenia imiona i nazwiska rodzic\u00f3w [&hellip;]<\/p>\n","protected":false},"author":1,"featured_media":0,"parent":0,"menu_order":0,"comment_status":"closed","ping_status":"closed","template":"","meta":{"ngg_post_thumbnail":0,"footnotes":""},"yoast_head":"<!-- This site is optimized with the Yoast SEO plugin v21.7 - https:\/\/yoast.com\/wordpress\/plugins\/seo\/ -->\n<title>Poszukiwania genealogiczne - My Polish Ancestors<\/title>\n<meta name=\"description\" content=\"poszukiwania genealogiczne | pomagamy w odkrywaniu polskich korzeni \u2013 dowiedz si\u0119, kim byli twoi przodkowie i poznaj szczeg\u00f3\u0142y z ich \u017cycia!\" \/>\n<meta name=\"robots\" content=\"index, follow, max-snippet:-1, max-image-preview:large, max-video-preview:-1\" \/>\n<link rel=\"canonical\" href=\"https:\/\/mypolishancestors.com\/pl\/poszukiwania-genealogiczne\/\" \/>\n<meta property=\"og:locale\" content=\"pl_PL\" \/>\n<meta property=\"og:type\" content=\"article\" \/>\n<meta property=\"og:title\" content=\"Poszukiwania genealogiczne - My Polish Ancestors\" \/>\n<meta property=\"og:description\" content=\"poszukiwania genealogiczne | pomagamy w odkrywaniu polskich korzeni \u2013 dowiedz si\u0119, kim byli twoi przodkowie i poznaj szczeg\u00f3\u0142y z ich \u017cycia!\" \/>\n<meta property=\"og:url\" content=\"https:\/\/mypolishancestors.com\/pl\/poszukiwania-genealogiczne\/\" \/>\n<meta property=\"og:site_name\" content=\"My Polish Ancestors\" \/>\n<meta property=\"article:modified_time\" content=\"2019-06-05T08:37:58+00:00\" \/>\n<meta property=\"og:image\" content=\"https:\/\/mypolishancestors.com\/wp-content\/uploads\/2018\/07\/page-header-family-research.jpg\" \/>\n<meta name=\"twitter:card\" content=\"summary_large_image\" \/>\n<meta name=\"twitter:label1\" content=\"Szacowany czas czytania\" \/>\n\t<meta name=\"twitter:data1\" content=\"3 minuty\" \/>\n<script type=\"application\/ld+json\" class=\"yoast-schema-graph\">{\"@context\":\"https:\/\/schema.org\",\"@graph\":[{\"@type\":\"WebPage\",\"@id\":\"https:\/\/mypolishancestors.com\/pl\/poszukiwania-genealogiczne\/\",\"url\":\"https:\/\/mypolishancestors.com\/pl\/poszukiwania-genealogiczne\/\",\"name\":\"Poszukiwania genealogiczne - My Polish Ancestors\",\"isPartOf\":{\"@id\":\"https:\/\/mypolishancestors.com\/pl\/#website\"},\"datePublished\":\"2018-11-04T00:32:16+00:00\",\"dateModified\":\"2019-06-05T08:37:58+00:00\",\"description\":\"poszukiwania genealogiczne | pomagamy w odkrywaniu polskich korzeni \u2013 dowiedz si\u0119, kim byli twoi przodkowie i poznaj szczeg\u00f3\u0142y z ich \u017cycia!\",\"breadcrumb\":{\"@id\":\"https:\/\/mypolishancestors.com\/pl\/poszukiwania-genealogiczne\/#breadcrumb\"},\"inLanguage\":\"pl-PL\",\"potentialAction\":[{\"@type\":\"ReadAction\",\"target\":[\"https:\/\/mypolishancestors.com\/pl\/poszukiwania-genealogiczne\/\"]}]},{\"@type\":\"BreadcrumbList\",\"@id\":\"https:\/\/mypolishancestors.com\/pl\/poszukiwania-genealogiczne\/#breadcrumb\",\"itemListElement\":[{\"@type\":\"ListItem\",\"position\":1,\"name\":\"Home\",\"item\":\"https:\/\/mypolishancestors.com\/pl\/\"},{\"@type\":\"ListItem\",\"position\":2,\"name\":\"Poszukiwania genealogiczne\"}]},{\"@type\":\"WebSite\",\"@id\":\"https:\/\/mypolishancestors.com\/pl\/#website\",\"url\":\"https:\/\/mypolishancestors.com\/pl\/\",\"name\":\"My Polish Ancestors\",\"description\":\"Family research in Poland\",\"potentialAction\":[{\"@type\":\"SearchAction\",\"target\":{\"@type\":\"EntryPoint\",\"urlTemplate\":\"https:\/\/mypolishancestors.com\/pl\/?s={search_term_string}\"},\"query-input\":\"required name=search_term_string\"}],\"inLanguage\":\"pl-PL\"}]}<\/script>\n<!-- \/ Yoast SEO plugin. -->","yoast_head_json":{"title":"Poszukiwania genealogiczne - My Polish Ancestors","description":"poszukiwania genealogiczne | pomagamy w odkrywaniu polskich korzeni \u2013 dowiedz si\u0119, kim byli twoi przodkowie i poznaj szczeg\u00f3\u0142y z ich \u017cycia!","robots":{"index":"index","follow":"follow","max-snippet":"max-snippet:-1","max-image-preview":"max-image-preview:large","max-video-preview":"max-video-preview:-1"},"canonical":"https:\/\/mypolishancestors.com\/pl\/poszukiwania-genealogiczne\/","og_locale":"pl_PL","og_type":"article","og_title":"Poszukiwania genealogiczne - My Polish Ancestors","og_description":"poszukiwania genealogiczne | pomagamy w odkrywaniu polskich korzeni \u2013 dowiedz si\u0119, kim byli twoi przodkowie i poznaj szczeg\u00f3\u0142y z ich \u017cycia!","og_url":"https:\/\/mypolishancestors.com\/pl\/poszukiwania-genealogiczne\/","og_site_name":"My Polish Ancestors","article_modified_time":"2019-06-05T08:37:58+00:00","og_image":[{"url":"https:\/\/mypolishancestors.com\/wp-content\/uploads\/2018\/07\/page-header-family-research.jpg"}],"twitter_card":"summary_large_image","twitter_misc":{"Szacowany czas czytania":"3 minuty"},"schema":{"@context":"https:\/\/schema.org","@graph":[{"@type":"WebPage","@id":"https:\/\/mypolishancestors.com\/pl\/poszukiwania-genealogiczne\/","url":"https:\/\/mypolishancestors.com\/pl\/poszukiwania-genealogiczne\/","name":"Poszukiwania genealogiczne - My Polish Ancestors","isPartOf":{"@id":"https:\/\/mypolishancestors.com\/pl\/#website"},"datePublished":"2018-11-04T00:32:16+00:00","dateModified":"2019-06-05T08:37:58+00:00","description":"poszukiwania genealogiczne | pomagamy w odkrywaniu polskich korzeni \u2013 dowiedz si\u0119, kim byli twoi przodkowie i poznaj szczeg\u00f3\u0142y z ich \u017cycia!","breadcrumb":{"@id":"https:\/\/mypolishancestors.com\/pl\/poszukiwania-genealogiczne\/#breadcrumb"},"inLanguage":"pl-PL","potentialAction":[{"@type":"ReadAction","target":["https:\/\/mypolishancestors.com\/pl\/poszukiwania-genealogiczne\/"]}]},{"@type":"BreadcrumbList","@id":"https:\/\/mypolishancestors.com\/pl\/poszukiwania-genealogiczne\/#breadcrumb","itemListElement":[{"@type":"ListItem","position":1,"name":"Home","item":"https:\/\/mypolishancestors.com\/pl\/"},{"@type":"ListItem","position":2,"name":"Poszukiwania genealogiczne"}]},{"@type":"WebSite","@id":"https:\/\/mypolishancestors.com\/pl\/#website","url":"https:\/\/mypolishancestors.com\/pl\/","name":"My Polish Ancestors","description":"Family research in Poland","potentialAction":[{"@type":"SearchAction","target":{"@type":"EntryPoint","urlTemplate":"https:\/\/mypolishancestors.com\/pl\/?s={search_term_string}"},"query-input":"required name=search_term_string"}],"inLanguage":"pl-PL"}]}},"_links":{"self":[{"href":"https:\/\/mypolishancestors.com\/pl\/wp-json\/wp\/v2\/pages\/617"}],"collection":[{"href":"https:\/\/mypolishancestors.com\/pl\/wp-json\/wp\/v2\/pages"}],"about":[{"href":"https:\/\/mypolishancestors.com\/pl\/wp-json\/wp\/v2\/types\/page"}],"author":[{"embeddable":true,"href":"https:\/\/mypolishancestors.com\/pl\/wp-json\/wp\/v2\/users\/1"}],"replies":[{"embeddable":true,"href":"https:\/\/mypolishancestors.com\/pl\/wp-json\/wp\/v2\/comments?post=617"}],"version-history":[{"count":15,"href":"https:\/\/mypolishancestors.com\/pl\/wp-json\/wp\/v2\/pages\/617\/revisions"}],"predecessor-version":[{"id":831,"href":"https:\/\/mypolishancestors.com\/pl\/wp-json\/wp\/v2\/pages\/617\/revisions\/831"}],"wp:attachment":[{"href":"https:\/\/mypolishancestors.com\/pl\/wp-json\/wp\/v2\/media?parent=617"}],"curies":[{"name":"wp","href":"https:\/\/api.w.org\/{rel}","templated":true}]}}