{"id":620,"date":"2018-11-04T01:34:37","date_gmt":"2018-11-04T00:34:37","guid":{"rendered":"https:\/\/mypolishancestors.com\/?page_id=620"},"modified":"2019-06-05T11:15:30","modified_gmt":"2019-06-05T09:15:30","slug":"drzewa-genealogiczne","status":"publish","type":"page","link":"https:\/\/mypolishancestors.com\/pl\/drzewa-genealogiczne\/","title":{"rendered":"Drzewa genealogiczne"},"content":{"rendered":"<p style=\"text-align: center;\"><a href=\"https:\/\/mypolishancestors.com\/wp-content\/uploads\/2018\/07\/page-header-family-trees.jpg\"><img loading=\"lazy\" decoding=\"async\" class=\"aligncenter size-full wp-image-104\" src=\"https:\/\/mypolishancestors.com\/wp-content\/uploads\/2018\/07\/page-header-family-trees.jpg\" alt=\"\" width=\"1250\" height=\"500\" srcset=\"https:\/\/mypolishancestors.com\/wp-content\/uploads\/2018\/07\/page-header-family-trees.jpg 1250w, https:\/\/mypolishancestors.com\/wp-content\/uploads\/2018\/07\/page-header-family-trees-300x120.jpg 300w, https:\/\/mypolishancestors.com\/wp-content\/uploads\/2018\/07\/page-header-family-trees-768x307.jpg 768w, https:\/\/mypolishancestors.com\/wp-content\/uploads\/2018\/07\/page-header-family-trees-1024x410.jpg 1024w\" sizes=\"(max-width: 1250px) 100vw, 1250px\" \/><\/a><\/p>\n<p>Drzewo genealogiczne jest jednym z najpopularniejszych sposob\u00f3w zaprezentowania wynik\u00f3w poszukiwa\u0144 genealogicznych. W jasny i przejrzysty spos\u00f3b pokazuje najwa\u017cniejsze informacje na temat przodk\u00f3w oraz innych cz\u0142onk\u00f3w rodziny. Pozwala tak\u017ce zrozumie\u0107 powi\u0105zania, jakie zachodz\u0105 pomi\u0119dzy poszczeg\u00f3lnymi osobami.<\/p>\n<p>R\u0119cznie wykonane drzewo genealogiczne to doskona\u0142y pomys\u0142 na wyj\u0105tkowy prezent z okazji Chrztu \u015awi\u0119tego, Pierwszej Komunii \u015awi\u0119tej, urodzin, \u015blubu czy rocznicy ma\u0142\u017ce\u0144stwa.<\/p>\n<p>Drzewo mo\u017ce by\u0107 wykonane dowoln\u0105 metod\u0105. Proponujemy mi\u0119dzy innymi rysunek, obraz malowany akwarel\u0105 lub farb\u0105 olejn\u0105. Drzewa przygotowujemy r\u00f3wnie\u017c technik\u0105 kola\u017cu.<\/p>\n<p>Poni\u017cej prezentujemy przyk\u0142adowe style:<\/p>\n<p><center><a href=\"https:\/\/mypolishancestors.com\/wp-content\/uploads\/2018\/07\/tree-samples.png\"><img loading=\"lazy\" decoding=\"async\" class=\"alignleft size-full wp-image-437\" src=\"https:\/\/mypolishancestors.com\/wp-content\/uploads\/2018\/07\/tree-samples.png\" alt=\"\" width=\"900\" height=\"300\" srcset=\"https:\/\/mypolishancestors.com\/wp-content\/uploads\/2018\/07\/tree-samples.png 900w, https:\/\/mypolishancestors.com\/wp-content\/uploads\/2018\/07\/tree-samples-300x100.png 300w, https:\/\/mypolishancestors.com\/wp-content\/uploads\/2018\/07\/tree-samples-768x256.png 768w\" sizes=\"(max-width: 900px) 100vw, 900px\" \/><\/a><br \/>\n&nbsp;&nbsp;&nbsp; &nbsp;&nbsp; &nbsp;<\/center>Wycena wykonania drzewa genealogicznego przygotowywana jest indywidualnie. Koszt zale\u017cy od rozmiaru obrazu, nak\u0142adu pracy, liczby zaprezentowanych os\u00f3b oraz zastosowanej techniki.<\/p>\n<p>Tworzymy r\u00f3wnie\u017c drzewa genealogiczne w oparciu o informacje, kt\u00f3re nam Pa\u0144stwo przeka\u017cecie &#8211; bez konieczno\u015bci zlecania poszukiwa\u0144.<\/p>\n<p>Je\u017celi potrzebujecie Pa\u0144stwo wi\u0119cej egzemplarzy, mo\u017cemy wykona\u0107 cyfrow\u0105 kopi\u0119 r\u0119cznie wykonanego drzewa i przygotowa\u0107 wysokiej jako\u015bci wydruk wielkoformatowy.<\/p>\n<p>Zapraszamy do skontaktowania si\u0119 z nami za po\u015brednictwem <a href=\"https:\/\/mypolishancestors.com\/pl\/kontakt\/\" target=\"_blank\" rel=\"noopener noreferrer\">formularza<\/a>.<\/p>\n","protected":false},"excerpt":{"rendered":"<p>Drzewo genealogiczne jest jednym z najpopularniejszych sposob\u00f3w zaprezentowania wynik\u00f3w poszukiwa\u0144 genealogicznych. W jasny i przejrzysty spos\u00f3b pokazuje najwa\u017cniejsze informacje na temat przodk\u00f3w oraz innych cz\u0142onk\u00f3w rodziny. Pozwala tak\u017ce zrozumie\u0107 powi\u0105zania, jakie zachodz\u0105 pomi\u0119dzy poszczeg\u00f3lnymi osobami. R\u0119cznie wykonane drzewo genealogiczne to doskona\u0142y pomys\u0142 na wyj\u0105tkowy prezent z okazji Chrztu \u015awi\u0119tego, Pierwszej Komunii \u015awi\u0119tej, urodzin, \u015blubu czy [&hellip;]<\/p>\n","protected":false},"author":1,"featured_media":0,"parent":0,"menu_order":0,"comment_status":"closed","ping_status":"closed","template":"","meta":{"ngg_post_thumbnail":0,"footnotes":""},"yoast_head":"<!-- This site is optimized with the Yoast SEO plugin v21.7 - https:\/\/yoast.com\/wordpress\/plugins\/seo\/ -->\n<title>Drzewa genealogiczne - My Polish Ancestors<\/title>\n<meta name=\"description\" content=\"drzewa genealogiczne | tworzymy oryginalne drzewa genealogiczne - zam\u00f3w na prezent dla bliskich lub jako ozdob\u0119 do w\u0142asnego domu!\" \/>\n<meta name=\"robots\" content=\"index, follow, max-snippet:-1, max-image-preview:large, max-video-preview:-1\" \/>\n<link rel=\"canonical\" href=\"https:\/\/mypolishancestors.com\/pl\/drzewa-genealogiczne\/\" \/>\n<meta property=\"og:locale\" content=\"pl_PL\" \/>\n<meta property=\"og:type\" content=\"article\" \/>\n<meta property=\"og:title\" content=\"Drzewa genealogiczne - My Polish Ancestors\" \/>\n<meta property=\"og:description\" content=\"drzewa genealogiczne | tworzymy oryginalne drzewa genealogiczne - zam\u00f3w na prezent dla bliskich lub jako ozdob\u0119 do w\u0142asnego domu!\" \/>\n<meta property=\"og:url\" content=\"https:\/\/mypolishancestors.com\/pl\/drzewa-genealogiczne\/\" \/>\n<meta property=\"og:site_name\" content=\"My Polish Ancestors\" \/>\n<meta property=\"article:modified_time\" content=\"2019-06-05T09:15:30+00:00\" \/>\n<meta property=\"og:image\" content=\"https:\/\/mypolishancestors.com\/wp-content\/uploads\/2018\/07\/page-header-family-trees.jpg\" \/>\n<meta name=\"twitter:card\" content=\"summary_large_image\" \/>\n<meta name=\"twitter:label1\" content=\"Szacowany czas czytania\" \/>\n\t<meta name=\"twitter:data1\" content=\"1 minuta\" \/>\n<script type=\"application\/ld+json\" class=\"yoast-schema-graph\">{\"@context\":\"https:\/\/schema.org\",\"@graph\":[{\"@type\":\"WebPage\",\"@id\":\"https:\/\/mypolishancestors.com\/pl\/drzewa-genealogiczne\/\",\"url\":\"https:\/\/mypolishancestors.com\/pl\/drzewa-genealogiczne\/\",\"name\":\"Drzewa genealogiczne - My Polish Ancestors\",\"isPartOf\":{\"@id\":\"https:\/\/mypolishancestors.com\/pl\/#website\"},\"datePublished\":\"2018-11-04T00:34:37+00:00\",\"dateModified\":\"2019-06-05T09:15:30+00:00\",\"description\":\"drzewa genealogiczne | tworzymy oryginalne drzewa genealogiczne - zam\u00f3w na prezent dla bliskich lub jako ozdob\u0119 do w\u0142asnego domu!\",\"breadcrumb\":{\"@id\":\"https:\/\/mypolishancestors.com\/pl\/drzewa-genealogiczne\/#breadcrumb\"},\"inLanguage\":\"pl-PL\",\"potentialAction\":[{\"@type\":\"ReadAction\",\"target\":[\"https:\/\/mypolishancestors.com\/pl\/drzewa-genealogiczne\/\"]}]},{\"@type\":\"BreadcrumbList\",\"@id\":\"https:\/\/mypolishancestors.com\/pl\/drzewa-genealogiczne\/#breadcrumb\",\"itemListElement\":[{\"@type\":\"ListItem\",\"position\":1,\"name\":\"Home\",\"item\":\"https:\/\/mypolishancestors.com\/pl\/\"},{\"@type\":\"ListItem\",\"position\":2,\"name\":\"Drzewa genealogiczne\"}]},{\"@type\":\"WebSite\",\"@id\":\"https:\/\/mypolishancestors.com\/pl\/#website\",\"url\":\"https:\/\/mypolishancestors.com\/pl\/\",\"name\":\"My Polish Ancestors\",\"description\":\"Family research in Poland\",\"potentialAction\":[{\"@type\":\"SearchAction\",\"target\":{\"@type\":\"EntryPoint\",\"urlTemplate\":\"https:\/\/mypolishancestors.com\/pl\/?s={search_term_string}\"},\"query-input\":\"required name=search_term_string\"}],\"inLanguage\":\"pl-PL\"}]}<\/script>\n<!-- \/ Yoast SEO plugin. -->","yoast_head_json":{"title":"Drzewa genealogiczne - My Polish Ancestors","description":"drzewa genealogiczne | tworzymy oryginalne drzewa genealogiczne - zam\u00f3w na prezent dla bliskich lub jako ozdob\u0119 do w\u0142asnego domu!","robots":{"index":"index","follow":"follow","max-snippet":"max-snippet:-1","max-image-preview":"max-image-preview:large","max-video-preview":"max-video-preview:-1"},"canonical":"https:\/\/mypolishancestors.com\/pl\/drzewa-genealogiczne\/","og_locale":"pl_PL","og_type":"article","og_title":"Drzewa genealogiczne - My Polish Ancestors","og_description":"drzewa genealogiczne | tworzymy oryginalne drzewa genealogiczne - zam\u00f3w na prezent dla bliskich lub jako ozdob\u0119 do w\u0142asnego domu!","og_url":"https:\/\/mypolishancestors.com\/pl\/drzewa-genealogiczne\/","og_site_name":"My Polish Ancestors","article_modified_time":"2019-06-05T09:15:30+00:00","og_image":[{"url":"https:\/\/mypolishancestors.com\/wp-content\/uploads\/2018\/07\/page-header-family-trees.jpg"}],"twitter_card":"summary_large_image","twitter_misc":{"Szacowany czas czytania":"1 minuta"},"schema":{"@context":"https:\/\/schema.org","@graph":[{"@type":"WebPage","@id":"https:\/\/mypolishancestors.com\/pl\/drzewa-genealogiczne\/","url":"https:\/\/mypolishancestors.com\/pl\/drzewa-genealogiczne\/","name":"Drzewa genealogiczne - My Polish Ancestors","isPartOf":{"@id":"https:\/\/mypolishancestors.com\/pl\/#website"},"datePublished":"2018-11-04T00:34:37+00:00","dateModified":"2019-06-05T09:15:30+00:00","description":"drzewa genealogiczne | tworzymy oryginalne drzewa genealogiczne - zam\u00f3w na prezent dla bliskich lub jako ozdob\u0119 do w\u0142asnego domu!","breadcrumb":{"@id":"https:\/\/mypolishancestors.com\/pl\/drzewa-genealogiczne\/#breadcrumb"},"inLanguage":"pl-PL","potentialAction":[{"@type":"ReadAction","target":["https:\/\/mypolishancestors.com\/pl\/drzewa-genealogiczne\/"]}]},{"@type":"BreadcrumbList","@id":"https:\/\/mypolishancestors.com\/pl\/drzewa-genealogiczne\/#breadcrumb","itemListElement":[{"@type":"ListItem","position":1,"name":"Home","item":"https:\/\/mypolishancestors.com\/pl\/"},{"@type":"ListItem","position":2,"name":"Drzewa genealogiczne"}]},{"@type":"WebSite","@id":"https:\/\/mypolishancestors.com\/pl\/#website","url":"https:\/\/mypolishancestors.com\/pl\/","name":"My Polish Ancestors","description":"Family research in Poland","potentialAction":[{"@type":"SearchAction","target":{"@type":"EntryPoint","urlTemplate":"https:\/\/mypolishancestors.com\/pl\/?s={search_term_string}"},"query-input":"required name=search_term_string"}],"inLanguage":"pl-PL"}]}},"_links":{"self":[{"href":"https:\/\/mypolishancestors.com\/pl\/wp-json\/wp\/v2\/pages\/620"}],"collection":[{"href":"https:\/\/mypolishancestors.com\/pl\/wp-json\/wp\/v2\/pages"}],"about":[{"href":"https:\/\/mypolishancestors.com\/pl\/wp-json\/wp\/v2\/types\/page"}],"author":[{"embeddable":true,"href":"https:\/\/mypolishancestors.com\/pl\/wp-json\/wp\/v2\/users\/1"}],"replies":[{"embeddable":true,"href":"https:\/\/mypolishancestors.com\/pl\/wp-json\/wp\/v2\/comments?post=620"}],"version-history":[{"count":10,"href":"https:\/\/mypolishancestors.com\/pl\/wp-json\/wp\/v2\/pages\/620\/revisions"}],"predecessor-version":[{"id":838,"href":"https:\/\/mypolishancestors.com\/pl\/wp-json\/wp\/v2\/pages\/620\/revisions\/838"}],"wp:attachment":[{"href":"https:\/\/mypolishancestors.com\/pl\/wp-json\/wp\/v2\/media?parent=620"}],"curies":[{"name":"wp","href":"https:\/\/api.w.org\/{rel}","templated":true}]}}