{"id":629,"date":"2018-11-04T01:38:07","date_gmt":"2018-11-04T00:38:07","guid":{"rendered":"https:\/\/mypolishancestors.com\/?page_id=629"},"modified":"2019-06-05T12:49:31","modified_gmt":"2019-06-05T10:49:31","slug":"miejsca-przodkow","status":"publish","type":"page","link":"https:\/\/mypolishancestors.com\/pl\/miejsca-przodkow\/","title":{"rendered":"Miejsca przodk\u00f3w"},"content":{"rendered":"<p style=\"text-align: center;\"><a href=\"https:\/\/mypolishancestors.com\/wp-content\/uploads\/2018\/07\/page-header-ancestral-places.jpg\"><img loading=\"lazy\" decoding=\"async\" class=\"aligncenter size-full wp-image-102\" src=\"https:\/\/mypolishancestors.com\/wp-content\/uploads\/2018\/07\/page-header-ancestral-places.jpg\" alt=\"\" width=\"1250\" height=\"500\" srcset=\"https:\/\/mypolishancestors.com\/wp-content\/uploads\/2018\/07\/page-header-ancestral-places.jpg 1250w, https:\/\/mypolishancestors.com\/wp-content\/uploads\/2018\/07\/page-header-ancestral-places-300x120.jpg 300w, https:\/\/mypolishancestors.com\/wp-content\/uploads\/2018\/07\/page-header-ancestral-places-768x307.jpg 768w, https:\/\/mypolishancestors.com\/wp-content\/uploads\/2018\/07\/page-header-ancestral-places-1024x410.jpg 1024w\" sizes=\"(max-width: 1250px) 100vw, 1250px\" \/><\/a><\/p>\n<p>Wyprawa do miejsc, w kt\u00f3rych urodzili si\u0119 i mieszkali Pa\u0144stwa przodkowie, mo\u017ce by\u0107 niezwyk\u0142ym do\u015bwiadczeniem.<\/p>\n<p><a href=\"https:\/\/mypolishancestors.com\/wp-content\/uploads\/2018\/07\/ancestral-places-05.jpg\"><img loading=\"lazy\" decoding=\"async\" class=\"pic_left alignleft wp-image-345\" src=\"https:\/\/mypolishancestors.com\/wp-content\/uploads\/2018\/07\/ancestral-places-05.jpg\" alt=\"\" width=\"311\" height=\"415\" srcset=\"https:\/\/mypolishancestors.com\/wp-content\/uploads\/2018\/07\/ancestral-places-05.jpg 600w, https:\/\/mypolishancestors.com\/wp-content\/uploads\/2018\/07\/ancestral-places-05-225x300.jpg 225w\" sizes=\"(max-width: 311px) 100vw, 311px\" \/><\/a>Pomimo czasu, kt\u00f3ry up\u0142yn\u0105\u0142, i zmian, jakie zasz\u0142y w otoczeniu, pewne elementy s\u0105 nadal takie, jak przed laty. Mo\u017cliwe, \u017ce zabudowania rodzinnego domu nie zachowa\u0142y si\u0119. Pozosta\u0142y jednak drogi i \u015bcie\u017cki, kt\u00f3rymi chodzili Pa\u0144stwa przodkowie. Ko\u015bci\u00f3\u0142, w kt\u00f3rym zostali ochrzczeni \u0141awki, w kt\u00f3rych siedzieli podczas nabo\u017ce\u0144stw. Ksi\u0119gi metrykalne, na kartach kt\u00f3rych z\u0142o\u017cyli odr\u0119cznie swoje podpisy. Lokalny cmentarz, na kt\u00f3rym \u017cegnali bliskich \u2026 To tylko kilka przyk\u0142ad\u00f3w miejsc, w kt\u00f3rych czas m\u00f3g\u0142 si\u0119 zatrzyma\u0107.<\/p>\n<p>Wizyta w rodzinnej miejscowo\u015bci mo\u017ce by\u0107 okazj\u0105 do bli\u017cszego poznania lokalnej historii i kultury. Muzea oraz inne atrakcje turystyczne b\u0119d\u0105 pomocne w przybli\u017ceniu \u015bwiata, z kt\u00f3rego wywodz\u0105 si\u0119 Pa\u0144stwa przodkowie. To niepowtarzalna okazja, aby us\u0142ysze\u0107 lokalny dialekt, spr\u00f3bowa\u0107 regionalnej kuchni, pozna\u0107 zwyczaje czy zobaczy\u0107 tradycyjne stroje.<\/p>\n<p>Pobyt w miejscach, kt\u00f3re by\u0142y \u015bwiadkami rado\u015bci i smutk\u00f3w dnia codziennego Pa\u0144stwa przodk\u00f3w, mo\u017ce pom\u00f3c zyska\u0107 zupe\u0142nie now\u0105 perspektyw\u0119 w patrzeniu na w\u0142asne korzenie. <strong>Zach\u0119camy do odbycia sentymentalnej podr\u00f3\u017cy w przesz\u0142o\u015b\u0107!<\/strong><\/p>\n<p>&nbsp;<\/p>\n<h3><strong>Nasza oferta obejmuje:<a href=\"https:\/\/mypolishancestors.com\/wp-content\/uploads\/2018\/07\/ancestral-places-02-1.jpg\"><img loading=\"lazy\" decoding=\"async\" class=\"pic_right alignright wp-image-110\" src=\"https:\/\/mypolishancestors.com\/wp-content\/uploads\/2018\/07\/ancestral-places-02-1-300x225.jpg\" alt=\"\" width=\"385\" height=\"289\" srcset=\"https:\/\/mypolishancestors.com\/wp-content\/uploads\/2018\/07\/ancestral-places-02-1-300x225.jpg 300w, https:\/\/mypolishancestors.com\/wp-content\/uploads\/2018\/07\/ancestral-places-02-1-768x576.jpg 768w, https:\/\/mypolishancestors.com\/wp-content\/uploads\/2018\/07\/ancestral-places-02-1.jpg 800w\" sizes=\"(max-width: 385px) 100vw, 385px\" \/><\/a><\/strong><\/h3>\n<ul>\n<li>rezerwacj\u0119 komfortowego <strong>zakwaterowania<\/strong> w rodzinnej miejscowo\u015bci lub jej okolicach<\/li>\n<li><strong>transport<\/strong> z lotniska do wyznaczonych miejsc<\/li>\n<li>zorganizowanie<strong> wizyt<\/strong> w miejscach wartych polecenia<\/li>\n<li>wynajem lokalnych<strong> przewodnik\u00f3w<\/strong><\/li>\n<\/ul>\n<p>&nbsp;<\/p>\n<p>&nbsp;<\/p>\n","protected":false},"excerpt":{"rendered":"<p>Wyprawa do miejsc, w kt\u00f3rych urodzili si\u0119 i mieszkali Pa\u0144stwa przodkowie, mo\u017ce by\u0107 niezwyk\u0142ym do\u015bwiadczeniem. Pomimo czasu, kt\u00f3ry up\u0142yn\u0105\u0142, i zmian, jakie zasz\u0142y w otoczeniu, pewne elementy s\u0105 nadal takie, jak przed laty. Mo\u017cliwe, \u017ce zabudowania rodzinnego domu nie zachowa\u0142y si\u0119. Pozosta\u0142y jednak drogi i \u015bcie\u017cki, kt\u00f3rymi chodzili Pa\u0144stwa przodkowie. Ko\u015bci\u00f3\u0142, w kt\u00f3rym zostali ochrzczeni [&hellip;]<\/p>\n","protected":false},"author":1,"featured_media":0,"parent":0,"menu_order":0,"comment_status":"closed","ping_status":"closed","template":"","meta":{"ngg_post_thumbnail":0,"footnotes":""},"yoast_head":"<!-- This site is optimized with the Yoast SEO plugin v21.7 - https:\/\/yoast.com\/wordpress\/plugins\/seo\/ -->\n<title>Miejsca przodk\u00f3w - My Polish Ancestors<\/title>\n<meta name=\"description\" content=\"miejsca przodk\u00f3w | odkryj miejsca, z kt\u00f3rych wywodz\u0105 si\u0119 twoi polscy przodkowie! Pomagamy zorganizowa\u0107 wizyty w rodzinnych miejscowo\u015bciach\" \/>\n<meta name=\"robots\" content=\"index, follow, max-snippet:-1, max-image-preview:large, max-video-preview:-1\" \/>\n<link rel=\"canonical\" href=\"https:\/\/mypolishancestors.com\/pl\/miejsca-przodkow\/\" \/>\n<meta property=\"og:locale\" content=\"pl_PL\" \/>\n<meta property=\"og:type\" content=\"article\" \/>\n<meta property=\"og:title\" content=\"Miejsca przodk\u00f3w - My Polish Ancestors\" \/>\n<meta property=\"og:description\" content=\"miejsca przodk\u00f3w | odkryj miejsca, z kt\u00f3rych wywodz\u0105 si\u0119 twoi polscy przodkowie! Pomagamy zorganizowa\u0107 wizyty w rodzinnych miejscowo\u015bciach\" \/>\n<meta property=\"og:url\" content=\"https:\/\/mypolishancestors.com\/pl\/miejsca-przodkow\/\" \/>\n<meta property=\"og:site_name\" content=\"My Polish Ancestors\" \/>\n<meta property=\"article:modified_time\" content=\"2019-06-05T10:49:31+00:00\" \/>\n<meta property=\"og:image\" content=\"https:\/\/mypolishancestors.com\/wp-content\/uploads\/2018\/07\/page-header-ancestral-places.jpg\" \/>\n<meta name=\"twitter:card\" content=\"summary_large_image\" \/>\n<meta name=\"twitter:label1\" content=\"Szacowany czas czytania\" \/>\n\t<meta name=\"twitter:data1\" content=\"1 minuta\" \/>\n<script type=\"application\/ld+json\" class=\"yoast-schema-graph\">{\"@context\":\"https:\/\/schema.org\",\"@graph\":[{\"@type\":\"WebPage\",\"@id\":\"https:\/\/mypolishancestors.com\/pl\/miejsca-przodkow\/\",\"url\":\"https:\/\/mypolishancestors.com\/pl\/miejsca-przodkow\/\",\"name\":\"Miejsca przodk\u00f3w - My Polish Ancestors\",\"isPartOf\":{\"@id\":\"https:\/\/mypolishancestors.com\/pl\/#website\"},\"datePublished\":\"2018-11-04T00:38:07+00:00\",\"dateModified\":\"2019-06-05T10:49:31+00:00\",\"description\":\"miejsca przodk\u00f3w | odkryj miejsca, z kt\u00f3rych wywodz\u0105 si\u0119 twoi polscy przodkowie! Pomagamy zorganizowa\u0107 wizyty w rodzinnych miejscowo\u015bciach\",\"breadcrumb\":{\"@id\":\"https:\/\/mypolishancestors.com\/pl\/miejsca-przodkow\/#breadcrumb\"},\"inLanguage\":\"pl-PL\",\"potentialAction\":[{\"@type\":\"ReadAction\",\"target\":[\"https:\/\/mypolishancestors.com\/pl\/miejsca-przodkow\/\"]}]},{\"@type\":\"BreadcrumbList\",\"@id\":\"https:\/\/mypolishancestors.com\/pl\/miejsca-przodkow\/#breadcrumb\",\"itemListElement\":[{\"@type\":\"ListItem\",\"position\":1,\"name\":\"Home\",\"item\":\"https:\/\/mypolishancestors.com\/pl\/\"},{\"@type\":\"ListItem\",\"position\":2,\"name\":\"Miejsca przodk\u00f3w\"}]},{\"@type\":\"WebSite\",\"@id\":\"https:\/\/mypolishancestors.com\/pl\/#website\",\"url\":\"https:\/\/mypolishancestors.com\/pl\/\",\"name\":\"My Polish Ancestors\",\"description\":\"Family research in Poland\",\"potentialAction\":[{\"@type\":\"SearchAction\",\"target\":{\"@type\":\"EntryPoint\",\"urlTemplate\":\"https:\/\/mypolishancestors.com\/pl\/?s={search_term_string}\"},\"query-input\":\"required name=search_term_string\"}],\"inLanguage\":\"pl-PL\"}]}<\/script>\n<!-- \/ Yoast SEO plugin. -->","yoast_head_json":{"title":"Miejsca przodk\u00f3w - My Polish Ancestors","description":"miejsca przodk\u00f3w | odkryj miejsca, z kt\u00f3rych wywodz\u0105 si\u0119 twoi polscy przodkowie! Pomagamy zorganizowa\u0107 wizyty w rodzinnych miejscowo\u015bciach","robots":{"index":"index","follow":"follow","max-snippet":"max-snippet:-1","max-image-preview":"max-image-preview:large","max-video-preview":"max-video-preview:-1"},"canonical":"https:\/\/mypolishancestors.com\/pl\/miejsca-przodkow\/","og_locale":"pl_PL","og_type":"article","og_title":"Miejsca przodk\u00f3w - My Polish Ancestors","og_description":"miejsca przodk\u00f3w | odkryj miejsca, z kt\u00f3rych wywodz\u0105 si\u0119 twoi polscy przodkowie! Pomagamy zorganizowa\u0107 wizyty w rodzinnych miejscowo\u015bciach","og_url":"https:\/\/mypolishancestors.com\/pl\/miejsca-przodkow\/","og_site_name":"My Polish Ancestors","article_modified_time":"2019-06-05T10:49:31+00:00","og_image":[{"url":"https:\/\/mypolishancestors.com\/wp-content\/uploads\/2018\/07\/page-header-ancestral-places.jpg"}],"twitter_card":"summary_large_image","twitter_misc":{"Szacowany czas czytania":"1 minuta"},"schema":{"@context":"https:\/\/schema.org","@graph":[{"@type":"WebPage","@id":"https:\/\/mypolishancestors.com\/pl\/miejsca-przodkow\/","url":"https:\/\/mypolishancestors.com\/pl\/miejsca-przodkow\/","name":"Miejsca przodk\u00f3w - My Polish Ancestors","isPartOf":{"@id":"https:\/\/mypolishancestors.com\/pl\/#website"},"datePublished":"2018-11-04T00:38:07+00:00","dateModified":"2019-06-05T10:49:31+00:00","description":"miejsca przodk\u00f3w | odkryj miejsca, z kt\u00f3rych wywodz\u0105 si\u0119 twoi polscy przodkowie! Pomagamy zorganizowa\u0107 wizyty w rodzinnych miejscowo\u015bciach","breadcrumb":{"@id":"https:\/\/mypolishancestors.com\/pl\/miejsca-przodkow\/#breadcrumb"},"inLanguage":"pl-PL","potentialAction":[{"@type":"ReadAction","target":["https:\/\/mypolishancestors.com\/pl\/miejsca-przodkow\/"]}]},{"@type":"BreadcrumbList","@id":"https:\/\/mypolishancestors.com\/pl\/miejsca-przodkow\/#breadcrumb","itemListElement":[{"@type":"ListItem","position":1,"name":"Home","item":"https:\/\/mypolishancestors.com\/pl\/"},{"@type":"ListItem","position":2,"name":"Miejsca przodk\u00f3w"}]},{"@type":"WebSite","@id":"https:\/\/mypolishancestors.com\/pl\/#website","url":"https:\/\/mypolishancestors.com\/pl\/","name":"My Polish Ancestors","description":"Family research in Poland","potentialAction":[{"@type":"SearchAction","target":{"@type":"EntryPoint","urlTemplate":"https:\/\/mypolishancestors.com\/pl\/?s={search_term_string}"},"query-input":"required name=search_term_string"}],"inLanguage":"pl-PL"}]}},"_links":{"self":[{"href":"https:\/\/mypolishancestors.com\/pl\/wp-json\/wp\/v2\/pages\/629"}],"collection":[{"href":"https:\/\/mypolishancestors.com\/pl\/wp-json\/wp\/v2\/pages"}],"about":[{"href":"https:\/\/mypolishancestors.com\/pl\/wp-json\/wp\/v2\/types\/page"}],"author":[{"embeddable":true,"href":"https:\/\/mypolishancestors.com\/pl\/wp-json\/wp\/v2\/users\/1"}],"replies":[{"embeddable":true,"href":"https:\/\/mypolishancestors.com\/pl\/wp-json\/wp\/v2\/comments?post=629"}],"version-history":[{"count":10,"href":"https:\/\/mypolishancestors.com\/pl\/wp-json\/wp\/v2\/pages\/629\/revisions"}],"predecessor-version":[{"id":842,"href":"https:\/\/mypolishancestors.com\/pl\/wp-json\/wp\/v2\/pages\/629\/revisions\/842"}],"wp:attachment":[{"href":"https:\/\/mypolishancestors.com\/pl\/wp-json\/wp\/v2\/media?parent=629"}],"curies":[{"name":"wp","href":"https:\/\/api.w.org\/{rel}","templated":true}]}}